{"id":201,"date":"2025-10-28T11:22:57","date_gmt":"2025-10-28T17:22:57","guid":{"rendered":"https:\/\/cespad.org.hn\/pje\/?page_id=201"},"modified":"2025-10-28T11:39:09","modified_gmt":"2025-10-28T17:39:09","slug":"colaborar","status":"publish","type":"page","link":"https:\/\/cespad.org.hn\/pje\/colaborar\/","title":{"rendered":"Colaborar"},"content":{"rendered":"\t\t<div data-elementor-type=\"wp-page\" data-elementor-id=\"201\" class=\"elementor elementor-201\">\n\t\t\t\t<div class=\"elementor-element elementor-element-67526f48 e-flex e-con-boxed e-con e-parent\" data-id=\"67526f48\" data-element_type=\"container\">\n\t\t\t\t\t<div class=\"e-con-inner\">\n\t\t\t\t<div class=\"elementor-element elementor-element-4ca968af elementor-widget elementor-widget-text-editor\" data-id=\"4ca968af\" data-element_type=\"widget\" data-widget_type=\"text-editor.default\">\n\t\t\t\t\t\t\t\t\t<p>Durante m\u00e1s de 12 a\u00f1os, el Centro de Estudio para la Democracia (CESPAD) ha aportado al debate informado en Honduras en temas relevantes como la democracia, la lucha contra la corrupci\u00f3n y la justicia ambiental y ecol\u00f3gica, mediante la investigaci\u00f3n, an\u00e1lisis de coyuntura, reportajes period\u00edsticos y acompa\u00f1amiento en el desarrollo de capacidades y procesos de incidencia en pol\u00edticas p\u00fablicas a redes y plataformas de la sociedad civil y movimientos sociales. Este es un trabajo costoso, pero en el contexto hondure\u00f1o, por momentos riesgoso y no exento de ataques de grupos poderosos, es un trabajo necesario en la contribuci\u00f3n a la real transformaci\u00f3n democr\u00e1tica de Honduras y la construcci\u00f3n de una sociedad m\u00e1s igualitaria, incluyente y respetuosa de la naturaleza. <br \/><br \/><strong>Es por eso que ahora le pedimos su apoyo.<\/strong> <br \/><br \/>Su donaci\u00f3n nos ayudar\u00e1 a continuar denunciando la corrupci\u00f3n, la infracci\u00f3n de los derechos humanos de comunidades ind\u00edgenas y campesinas; promover los derechos de las mujeres y asegurar elecciones transparentes y aut\u00e9nticas.<\/p>\t\t\t\t\t\t\t\t<\/div>\n\t\t\t\t\t<\/div>\n\t\t\t\t<\/div>\n\t\t<div class=\"elementor-element elementor-element-b283ab6 e-flex e-con-boxed e-con e-parent\" data-id=\"b283ab6\" data-element_type=\"container\">\n\t\t\t\t\t<div class=\"e-con-inner\">\n\t\t\t\t<div class=\"elementor-element elementor-element-9f689b8 elementor-widget-divider--view-line elementor-widget elementor-widget-divider\" data-id=\"9f689b8\" data-element_type=\"widget\" data-widget_type=\"divider.default\">\n\t\t\t\t\t\t\t<div class=\"elementor-divider\">\n\t\t\t<span class=\"elementor-divider-separator\">\n\t\t\t\t\t\t<\/span>\n\t\t<\/div>\n\t\t\t\t\t\t<\/div>\n\t\t\t\t\t<\/div>\n\t\t\t\t<\/div>\n\t\t<div class=\"elementor-element elementor-element-2fa14b0 e-flex e-con-boxed e-con e-parent\" data-id=\"2fa14b0\" data-element_type=\"container\">\n\t\t\t\t\t<div class=\"e-con-inner\">\n\t\t\t\t<div class=\"elementor-element elementor-element-0ea6112 elementor-widget elementor-widget-text-editor\" data-id=\"0ea6112\" data-element_type=\"widget\" data-widget_type=\"text-editor.default\">\n\t\t\t\t\t\t\t\t\t<p>For more than 12 years, the Center for the Study of Democracy (CESPAD) has contributed to the informed debate in Honduras on relevant issues such as democracy, the fight against corruption and environmental and ecological justice, through research, analysis of current events, journalistic reports and accompaniment in the development of capacities and processes of public policy advocacy to networks and platforms of civil society and social movements. This is costly work, but in the Honduran context, at times risky and not exempt from attacks from powerful groups, it is a necessary contribution to the real democratic transformation of Honduras and the construction of a more egalitarian, inclusive and respectful of nature society. <br \/><br \/><strong>That is why we now ask for your support.<br \/><\/strong> <br \/>Your donation will help us to continue denouncing corruption, the violation<\/p>\t\t\t\t\t\t\t\t<\/div>\n\t\t\t\t\t<\/div>\n\t\t\t\t<\/div>\n\t\t<div class=\"elementor-element elementor-element-25baa72 e-flex e-con-boxed e-con e-parent\" data-id=\"25baa72\" data-element_type=\"container\">\n\t\t\t\t\t<div class=\"e-con-inner\">\n\t\t\t\t<div class=\"elementor-element elementor-element-abbecb8 elementor-mobile-align-center elementor-align-center elementor-invisible elementor-widget elementor-widget-button\" data-id=\"abbecb8\" data-element_type=\"widget\" data-settings=\"{&quot;_animation&quot;:&quot;fadeInDown&quot;}\" data-widget_type=\"button.default\">\n\t\t\t\t\t\t\t\t\t\t<a class=\"elementor-button elementor-button-link elementor-size-sm\" href=\"https:\/\/cespad.org.hn\/donacion\/\">\n\t\t\t\t\t\t<span class=\"elementor-button-content-wrapper\">\n\t\t\t\t\t\t\t\t\t<span class=\"elementor-button-text\">Donar \/ Donate<\/span>\n\t\t\t\t\t<\/span>\n\t\t\t\t\t<\/a>\n\t\t\t\t\t\t\t\t<\/div>\n\t\t\t\t\t<\/div>\n\t\t\t\t<\/div>\n\t\t<div class=\"elementor-element elementor-element-735d01d e-flex e-con-boxed e-con e-parent\" data-id=\"735d01d\" data-element_type=\"container\">\n\t\t\t\t\t<div class=\"e-con-inner\">\n\t\t\t\t<div class=\"elementor-element elementor-element-ae3f6e4 elementor-widget-divider--view-line elementor-widget elementor-widget-divider\" data-id=\"ae3f6e4\" data-element_type=\"widget\" data-widget_type=\"divider.default\">\n\t\t\t\t\t\t\t<div class=\"elementor-divider\">\n\t\t\t<span class=\"elementor-divider-separator\">\n\t\t\t\t\t\t<\/span>\n\t\t<\/div>\n\t\t\t\t\t\t<\/div>\n\t\t\t\t\t<\/div>\n\t\t\t\t<\/div>\n\t\t\t\t<\/div>\n\t\t\n    <div class=\"xs_social_share_widget xs_share_url after_content \t\tmain_content  wslu-style-1 wslu-share-box-shaped wslu-fill-colored wslu-none wslu-share-horizontal wslu-theme-font-no wslu-main_content\">\n\n\t\t\n        <ul>\n\t\t\t        <\/ul>\n    <\/div> \n","protected":false},"excerpt":{"rendered":"<p>Durante m\u00e1s de 12 a\u00f1os, el Centro de Estudio para la Democracia (CESPAD) ha aportado al debate informado en Honduras en temas relevantes como la democracia, la lucha contra la corrupci\u00f3n y la justicia ambiental y ecol\u00f3gica, mediante la investigaci\u00f3n, an\u00e1lisis de coyuntura, reportajes period\u00edsticos y acompa\u00f1amiento en el desarrollo de capacidades y procesos de [&hellip;]<\/p>\n","protected":false},"author":1,"featured_media":0,"parent":0,"menu_order":0,"comment_status":"closed","ping_status":"closed","template":"","meta":{"_eb_attr":"","om_disable_all_campaigns":false,"postBodyCss":"","postBodyMargin":[],"postBodyPadding":[],"postBodyBackground":{"backgroundType":"classic","gradient":""},"footnotes":""},"class_list":["post-201","page","type-page","status-publish","hentry"],"yoast_head":"<!-- This site is optimized with the Yoast SEO plugin v27.2 - https:\/\/yoast.com\/product\/yoast-seo-wordpress\/ -->\n<title>Colaborar - PLATAFORMA JUVENIL ELECTORAL<\/title>\n<meta name=\"robots\" content=\"index, follow, max-snippet:-1, max-image-preview:large, max-video-preview:-1\" \/>\n<link rel=\"canonical\" href=\"https:\/\/cespad.org.hn\/pje\/colaborar\/\" \/>\n<meta property=\"og:locale\" content=\"es_ES\" \/>\n<meta property=\"og:type\" content=\"article\" \/>\n<meta property=\"og:title\" content=\"Colaborar - PLATAFORMA JUVENIL ELECTORAL\" \/>\n<meta property=\"og:description\" content=\"Durante m\u00e1s de 12 a\u00f1os, el Centro de Estudio para la Democracia (CESPAD) ha aportado al debate informado en Honduras en temas relevantes como la democracia, la lucha contra la corrupci\u00f3n y la justicia ambiental y ecol\u00f3gica, mediante la investigaci\u00f3n, an\u00e1lisis de coyuntura, reportajes period\u00edsticos y acompa\u00f1amiento en el desarrollo de capacidades y procesos de [&hellip;]\" \/>\n<meta property=\"og:url\" content=\"https:\/\/cespad.org.hn\/pje\/colaborar\/\" \/>\n<meta property=\"og:site_name\" content=\"PLATAFORMA JUVENIL ELECTORAL\" \/>\n<meta property=\"article:publisher\" content=\"https:\/\/www.facebook.com\/plataformajuvenilelectoral\/\" \/>\n<meta property=\"article:modified_time\" content=\"2025-10-28T17:39:09+00:00\" \/>\n<meta name=\"twitter:card\" content=\"summary_large_image\" \/>\n<meta name=\"twitter:label1\" content=\"Tiempo de lectura\" \/>\n\t<meta name=\"twitter:data1\" content=\"2 minutos\" \/>\n<script type=\"application\/ld+json\" class=\"yoast-schema-graph\">{\"@context\":\"https:\/\/schema.org\",\"@graph\":[{\"@type\":\"WebPage\",\"@id\":\"https:\/\/cespad.org.hn\/pje\/colaborar\/\",\"url\":\"https:\/\/cespad.org.hn\/pje\/colaborar\/\",\"name\":\"Colaborar - PLATAFORMA JUVENIL ELECTORAL\",\"isPartOf\":{\"@id\":\"https:\/\/cespad.org.hn\/pje\/#website\"},\"datePublished\":\"2025-10-28T17:22:57+00:00\",\"dateModified\":\"2025-10-28T17:39:09+00:00\",\"breadcrumb\":{\"@id\":\"https:\/\/cespad.org.hn\/pje\/colaborar\/#breadcrumb\"},\"inLanguage\":\"es\",\"potentialAction\":[{\"@type\":\"ReadAction\",\"target\":[\"https:\/\/cespad.org.hn\/pje\/colaborar\/\"]}]},{\"@type\":\"BreadcrumbList\",\"@id\":\"https:\/\/cespad.org.hn\/pje\/colaborar\/#breadcrumb\",\"itemListElement\":[{\"@type\":\"ListItem\",\"position\":1,\"name\":\"Portada\",\"item\":\"https:\/\/cespad.org.hn\/pje\/\"},{\"@type\":\"ListItem\",\"position\":2,\"name\":\"Colaborar\"}]},{\"@type\":\"WebSite\",\"@id\":\"https:\/\/cespad.org.hn\/pje\/#website\",\"url\":\"https:\/\/cespad.org.hn\/pje\/\",\"name\":\"PLATAFORMA JUVENIL ELECTORAL\",\"description\":\"\",\"publisher\":{\"@id\":\"https:\/\/cespad.org.hn\/pje\/#organization\"},\"potentialAction\":[{\"@type\":\"SearchAction\",\"target\":{\"@type\":\"EntryPoint\",\"urlTemplate\":\"https:\/\/cespad.org.hn\/pje\/?s={search_term_string}\"},\"query-input\":{\"@type\":\"PropertyValueSpecification\",\"valueRequired\":true,\"valueName\":\"search_term_string\"}}],\"inLanguage\":\"es\"},{\"@type\":\"Organization\",\"@id\":\"https:\/\/cespad.org.hn\/pje\/#organization\",\"name\":\"PLATAFORMA JUVENIL ELECTORAL\",\"url\":\"https:\/\/cespad.org.hn\/pje\/\",\"logo\":{\"@type\":\"ImageObject\",\"inLanguage\":\"es\",\"@id\":\"https:\/\/cespad.org.hn\/pje\/#\/schema\/logo\/image\/\",\"url\":\"https:\/\/cespad.org.hn\/pje\/wp-content\/uploads\/2025\/09\/cropped-cropped-cropped-WhatsApp-Image-2025-09-22-at-10.59.57-a.-m.jpeg\",\"contentUrl\":\"https:\/\/cespad.org.hn\/pje\/wp-content\/uploads\/2025\/09\/cropped-cropped-cropped-WhatsApp-Image-2025-09-22-at-10.59.57-a.-m.jpeg\",\"width\":768,\"height\":606,\"caption\":\"PLATAFORMA JUVENIL ELECTORAL\"},\"image\":{\"@id\":\"https:\/\/cespad.org.hn\/pje\/#\/schema\/logo\/image\/\"},\"sameAs\":[\"https:\/\/www.facebook.com\/plataformajuvenilelectoral\/\",\"https:\/\/www.tiktok.com\/@pjehonduras\"]}]}<\/script>\n<!-- \/ Yoast SEO plugin. -->","yoast_head_json":{"title":"Colaborar - PLATAFORMA JUVENIL ELECTORAL","robots":{"index":"index","follow":"follow","max-snippet":"max-snippet:-1","max-image-preview":"max-image-preview:large","max-video-preview":"max-video-preview:-1"},"canonical":"https:\/\/cespad.org.hn\/pje\/colaborar\/","og_locale":"es_ES","og_type":"article","og_title":"Colaborar - PLATAFORMA JUVENIL ELECTORAL","og_description":"Durante m\u00e1s de 12 a\u00f1os, el Centro de Estudio para la Democracia (CESPAD) ha aportado al debate informado en Honduras en temas relevantes como la democracia, la lucha contra la corrupci\u00f3n y la justicia ambiental y ecol\u00f3gica, mediante la investigaci\u00f3n, an\u00e1lisis de coyuntura, reportajes period\u00edsticos y acompa\u00f1amiento en el desarrollo de capacidades y procesos de [&hellip;]","og_url":"https:\/\/cespad.org.hn\/pje\/colaborar\/","og_site_name":"PLATAFORMA JUVENIL ELECTORAL","article_publisher":"https:\/\/www.facebook.com\/plataformajuvenilelectoral\/","article_modified_time":"2025-10-28T17:39:09+00:00","twitter_card":"summary_large_image","twitter_misc":{"Tiempo de lectura":"2 minutos"},"schema":{"@context":"https:\/\/schema.org","@graph":[{"@type":"WebPage","@id":"https:\/\/cespad.org.hn\/pje\/colaborar\/","url":"https:\/\/cespad.org.hn\/pje\/colaborar\/","name":"Colaborar - PLATAFORMA JUVENIL ELECTORAL","isPartOf":{"@id":"https:\/\/cespad.org.hn\/pje\/#website"},"datePublished":"2025-10-28T17:22:57+00:00","dateModified":"2025-10-28T17:39:09+00:00","breadcrumb":{"@id":"https:\/\/cespad.org.hn\/pje\/colaborar\/#breadcrumb"},"inLanguage":"es","potentialAction":[{"@type":"ReadAction","target":["https:\/\/cespad.org.hn\/pje\/colaborar\/"]}]},{"@type":"BreadcrumbList","@id":"https:\/\/cespad.org.hn\/pje\/colaborar\/#breadcrumb","itemListElement":[{"@type":"ListItem","position":1,"name":"Portada","item":"https:\/\/cespad.org.hn\/pje\/"},{"@type":"ListItem","position":2,"name":"Colaborar"}]},{"@type":"WebSite","@id":"https:\/\/cespad.org.hn\/pje\/#website","url":"https:\/\/cespad.org.hn\/pje\/","name":"PLATAFORMA JUVENIL ELECTORAL","description":"","publisher":{"@id":"https:\/\/cespad.org.hn\/pje\/#organization"},"potentialAction":[{"@type":"SearchAction","target":{"@type":"EntryPoint","urlTemplate":"https:\/\/cespad.org.hn\/pje\/?s={search_term_string}"},"query-input":{"@type":"PropertyValueSpecification","valueRequired":true,"valueName":"search_term_string"}}],"inLanguage":"es"},{"@type":"Organization","@id":"https:\/\/cespad.org.hn\/pje\/#organization","name":"PLATAFORMA JUVENIL ELECTORAL","url":"https:\/\/cespad.org.hn\/pje\/","logo":{"@type":"ImageObject","inLanguage":"es","@id":"https:\/\/cespad.org.hn\/pje\/#\/schema\/logo\/image\/","url":"https:\/\/cespad.org.hn\/pje\/wp-content\/uploads\/2025\/09\/cropped-cropped-cropped-WhatsApp-Image-2025-09-22-at-10.59.57-a.-m.jpeg","contentUrl":"https:\/\/cespad.org.hn\/pje\/wp-content\/uploads\/2025\/09\/cropped-cropped-cropped-WhatsApp-Image-2025-09-22-at-10.59.57-a.-m.jpeg","width":768,"height":606,"caption":"PLATAFORMA JUVENIL ELECTORAL"},"image":{"@id":"https:\/\/cespad.org.hn\/pje\/#\/schema\/logo\/image\/"},"sameAs":["https:\/\/www.facebook.com\/plataformajuvenilelectoral\/","https:\/\/www.tiktok.com\/@pjehonduras"]}]}},"_links":{"self":[{"href":"https:\/\/cespad.org.hn\/pje\/wp-json\/wp\/v2\/pages\/201","targetHints":{"allow":["GET"]}}],"collection":[{"href":"https:\/\/cespad.org.hn\/pje\/wp-json\/wp\/v2\/pages"}],"about":[{"href":"https:\/\/cespad.org.hn\/pje\/wp-json\/wp\/v2\/types\/page"}],"author":[{"embeddable":true,"href":"https:\/\/cespad.org.hn\/pje\/wp-json\/wp\/v2\/users\/1"}],"replies":[{"embeddable":true,"href":"https:\/\/cespad.org.hn\/pje\/wp-json\/wp\/v2\/comments?post=201"}],"version-history":[{"count":7,"href":"https:\/\/cespad.org.hn\/pje\/wp-json\/wp\/v2\/pages\/201\/revisions"}],"predecessor-version":[{"id":221,"href":"https:\/\/cespad.org.hn\/pje\/wp-json\/wp\/v2\/pages\/201\/revisions\/221"}],"wp:attachment":[{"href":"https:\/\/cespad.org.hn\/pje\/wp-json\/wp\/v2\/media?parent=201"}],"curies":[{"name":"wp","href":"https:\/\/api.w.org\/{rel}","templated":true}]}}